{"id":4673,"date":"2024-11-05T12:31:13","date_gmt":"2024-11-05T09:31:13","guid":{"rendered":"https:\/\/staging.messuille.fi\/medier\/"},"modified":"2025-07-05T20:49:04","modified_gmt":"2025-07-05T17:49:04","slug":"medier","status":"publish","type":"page","link":"https:\/\/messuille.fi\/da\/medier\/","title":{"rendered":"Medier"},"content":{"rendered":"\n<h2 class=\"wp-block-heading\">Udforsk udstillingsstande og eventscener<\/h2>\n\n<p>Se vores fotobank med kreative messestrukturer og events!  <\/p>\n\n<p>Billederne viser en bred vifte af vores udstillingsstande og skr\u00e6ddersyede implementeringer. <\/p>\n\n<p>Vi organiserer firmastande til b\u00e5de store og sm\u00e5 arrangementer. Se, hvordan ideer bliver til virkelighed, og find nemt inspiration til dit n\u00e6ste projekt ved at gennemse vores fotogalleri. <\/p>\n\n<p><strong>Se fotos for flere ideer til events og messer!<\/strong><\/p>\n\n<div class=\"alignnormal\"><div id=\"metaslider-id-2714\" style=\"width: 100%; margin: 0 auto;\" class=\"ml-slider-3-105-0 metaslider metaslider-flex metaslider-2714 ml-slider has-dots-nav has-carousel-mode ms-theme-clarity\" role=\"region\" aria-label=\"Media Slideshow\" data-height=\"400\" data-width=\"400\">\n    <div id=\"metaslider_container_2714\">\n        <div id=\"metaslider_2714\">\n            <ul class='slides'>\n                <li style=\"display: none; width: 100%;\" class=\"slide-2734 ms-image \" aria-roledescription=\"slide\" data-date=\"2024-10-30 16:26:22\" data-filename=\"IMG-20240523-WA0006-400x400.jpg\" data-slide-type=\"image\"><img decoding=\"async\" src=\"https:\/\/messuille.fi\/wp-content\/uploads\/2024\/10\/IMG-20240523-WA0006-400x400.jpg\" height=\"400\" width=\"400\" alt=\"\" class=\"slider-2714 slide-2734 msDefaultImage\" \/><div class=\"caption-wrap\"><div class=\"caption\"><div>Breakbulk 2024 - Olmar stand<\/div><\/div><\/div><\/li>\n                <li style=\"display: none; width: 100%;\" class=\"slide-3254 ms-image \" aria-roledescription=\"slide\" data-date=\"2024-11-11 15:22:05\" data-filename=\"KWH-osasto-scaled-400x400.jpg\" data-slide-type=\"image\"><img decoding=\"async\" src=\"https:\/\/messuille.fi\/wp-content\/uploads\/2024\/11\/KWH-osasto-scaled-400x400.jpg\" height=\"400\" width=\"400\" alt=\"\" class=\"slider-2714 slide-3254 msDefaultImage\" title=\"KWH osasto\" \/><div class=\"caption-wrap\"><div class=\"caption\"><div>Transport Logistic 2023 - Finland stand<\/div><\/div><\/div><\/li>\n                <li style=\"display: none; width: 100%;\" class=\"slide-2721 ms-image \" aria-roledescription=\"slide\" data-date=\"2024-10-30 16:20:27\" data-filename=\"Port-of-Kokkola-400x400.jpg\" data-slide-type=\"image\"><img decoding=\"async\" src=\"https:\/\/messuille.fi\/wp-content\/uploads\/2024\/10\/Port-of-Kokkola-400x400.jpg\" height=\"400\" width=\"400\" alt=\"\" class=\"slider-2714 slide-2721 msDefaultImage\" \/><div class=\"caption-wrap\"><div class=\"caption\"><div>AntwerpXL - 2024 Port of Kokkola stand<\/div><\/div><\/div><\/li>\n                <li style=\"display: none; width: 100%;\" class=\"slide-2719 ms-image \" aria-roledescription=\"slide\" data-date=\"2024-10-30 16:20:27\" data-filename=\"A7400336-scaled-400x400.jpg\" data-slide-type=\"image\"><img decoding=\"async\" src=\"https:\/\/messuille.fi\/wp-content\/uploads\/2024\/10\/A7400336-scaled-400x400.jpg\" height=\"400\" width=\"400\" alt=\"\" class=\"slider-2714 slide-2719 msDefaultImage\" title=\"Innotrans 2024\" \/><div class=\"caption-wrap\"><div class=\"caption\"><div>Innotrans 2024 - Finland stand<\/div><\/div><\/div><\/li>\n                <li style=\"display: none; width: 100%;\" class=\"slide-3255 ms-image \" aria-roledescription=\"slide\" data-date=\"2024-11-11 15:22:14\" data-filename=\"Fin-oikea-etunurkka-scaled-400x400.jpg\" data-slide-type=\"image\"><img decoding=\"async\" src=\"https:\/\/messuille.fi\/wp-content\/uploads\/2024\/11\/Fin-oikea-etunurkka-scaled-400x400.jpg\" height=\"400\" width=\"400\" alt=\"\" class=\"slider-2714 slide-3255 msDefaultImage\" title=\"Transport Logistic 2023\" \/><div class=\"caption-wrap\"><div class=\"caption\"><div>Transport Logistic 2023 - Finland stand<\/div><\/div><\/div><\/li>\n                <li style=\"display: none; width: 100%;\" class=\"slide-2724 ms-image \" aria-roledescription=\"slide\" data-date=\"2024-10-30 16:24:39\" data-filename=\"CHN_4589-scaled-400x400.jpg\" data-slide-type=\"image\"><img decoding=\"async\" src=\"https:\/\/messuille.fi\/wp-content\/uploads\/2023\/12\/CHN_4589-scaled-400x400.jpg\" height=\"400\" width=\"400\" alt=\"\" class=\"slider-2714 slide-2724 msDefaultImage\" \/><div class=\"caption-wrap\"><div class=\"caption\"><div>ITB Asia 2023 - Visit Finland stand<\/div><\/div><\/div><\/li>\n                <li style=\"display: none; width: 100%;\" class=\"slide-2723 ms-image \" aria-roledescription=\"slide\" data-date=\"2024-10-30 16:24:25\" data-filename=\"CHN_4587-1-scaled-400x400.jpg\" data-slide-type=\"image\"><img decoding=\"async\" src=\"https:\/\/messuille.fi\/wp-content\/uploads\/2024\/11\/CHN_4587-1-scaled-400x400.jpg\" height=\"400\" width=\"400\" alt=\"\" class=\"slider-2714 slide-2723 msDefaultImage\" title=\"ITB Asia 2023\" \/><div class=\"caption-wrap\"><div class=\"caption\"><div>ITB Asia 2023 - Finland stand<\/div><\/div><\/div><\/li>\n                <li style=\"display: none; width: 100%;\" class=\"slide-2744 ms-image \" aria-roledescription=\"slide\" data-date=\"2024-10-30 16:35:39\" data-filename=\"WhatsApp-Image-2024-10-23-at-09.04.01-scaled-400x400.jpeg\" data-slide-type=\"image\"><img decoding=\"async\" src=\"https:\/\/messuille.fi\/wp-content\/uploads\/2024\/10\/WhatsApp-Image-2024-10-23-at-09.04.01-scaled-400x400.jpeg\" height=\"400\" width=\"400\" alt=\"\" class=\"slider-2714 slide-2744 msDefaultImage\" \/><div class=\"caption-wrap\"><div class=\"caption\"><div>ITB Asia 2024 - Norway stand<\/div><\/div><\/div><\/li>\n                <li style=\"display: none; width: 100%;\" class=\"slide-2725 ms-image \" aria-roledescription=\"slide\" data-date=\"2024-10-30 16:25:04\" data-filename=\"dase-400x400.jpg\" data-slide-type=\"image\"><img decoding=\"async\" src=\"https:\/\/messuille.fi\/wp-content\/uploads\/2023\/12\/dase-400x400.jpg\" height=\"400\" width=\"400\" alt=\"\" class=\"slider-2714 slide-2725 msDefaultImage\" \/><div class=\"caption-wrap\"><div class=\"caption\"><div>DMEA 2023 - Mehil\u00e4inen stand<\/div><\/div><\/div><\/li>\n                <li style=\"display: none; width: 100%;\" class=\"slide-2720 ms-image \" aria-roledescription=\"slide\" data-date=\"2024-10-30 16:20:27\" data-filename=\"A7400323-scaled-400x400.jpg\" data-slide-type=\"image\"><img decoding=\"async\" src=\"https:\/\/messuille.fi\/wp-content\/uploads\/2024\/10\/A7400323-scaled-400x400.jpg\" height=\"400\" width=\"400\" alt=\"\" class=\"slider-2714 slide-2720 msDefaultImage\" \/><div class=\"caption-wrap\"><div class=\"caption\"><div>Innotrans 2024 - Finland stand<\/div><\/div><\/div><\/li>\n                <li style=\"display: none; width: 100%;\" class=\"slide-2736 ms-image \" aria-roledescription=\"slide\" data-date=\"2024-10-30 16:26:22\" data-filename=\"20240604_173211-scaled-400x400.jpg\" data-slide-type=\"image\"><img decoding=\"async\" src=\"https:\/\/messuille.fi\/wp-content\/uploads\/2024\/10\/20240604_173211-scaled-400x400.jpg\" height=\"400\" width=\"400\" alt=\"\" class=\"slider-2714 slide-2736 msDefaultImage\" \/><div class=\"caption-wrap\"><div class=\"caption\"><div>ILA 2024 - Finland stand<\/div><\/div><\/div><\/li>\n                <li style=\"display: none; width: 100%;\" class=\"slide-2746 ms-image \" aria-roledescription=\"slide\" data-date=\"2024-10-30 16:35:39\" data-filename=\"WhatsApp-Image-2024-10-23-at-09.04.02-scaled-400x400.jpeg\" data-slide-type=\"image\"><img decoding=\"async\" src=\"https:\/\/messuille.fi\/wp-content\/uploads\/2024\/10\/WhatsApp-Image-2024-10-23-at-09.04.02-scaled-400x400.jpeg\" height=\"400\" width=\"400\" alt=\"\" class=\"slider-2714 slide-2746 msDefaultImage\" \/><div class=\"caption-wrap\"><div class=\"caption\"><div>ITB Asia 2024 - Iceland stand<\/div><\/div><\/div><\/li>\n                <li style=\"display: none; width: 100%;\" class=\"slide-2735 ms-image \" aria-roledescription=\"slide\" data-date=\"2024-10-30 16:26:22\" data-filename=\"KWH-kuva-2023-400x400.jpg\" data-slide-type=\"image\"><img decoding=\"async\" src=\"https:\/\/messuille.fi\/wp-content\/uploads\/2024\/10\/KWH-kuva-2023-400x400.jpg\" height=\"400\" width=\"400\" alt=\"\" class=\"slider-2714 slide-2735 msDefaultImage\" \/><div class=\"caption-wrap\"><div class=\"caption\"><div>Breakbulk 2024 - Finland stand<\/div><\/div><\/div><\/li>\n                <li style=\"display: none; width: 100%;\" class=\"slide-2745 ms-image \" aria-roledescription=\"slide\" data-date=\"2024-10-30 16:35:39\" data-filename=\"WhatsApp-Image-2024-10-23-at-09.04.04-scaled-400x400.jpeg\" data-slide-type=\"image\"><img decoding=\"async\" src=\"https:\/\/messuille.fi\/wp-content\/uploads\/2024\/10\/WhatsApp-Image-2024-10-23-at-09.04.04-scaled-400x400.jpeg\" height=\"400\" width=\"400\" alt=\"\" class=\"slider-2714 slide-2745 msDefaultImage\" \/><div class=\"caption-wrap\"><div class=\"caption\"><div>ITB Asia 2024 - Rovaniemi stand<\/div><\/div><\/div><\/li>\n                <li style=\"display: none; width: 100%;\" class=\"slide-2722 ms-image \" aria-roledescription=\"slide\" data-date=\"2024-10-30 16:20:27\" data-filename=\"HSM27695-scaled-400x400.jpg\" data-slide-type=\"image\"><img decoding=\"async\" src=\"https:\/\/messuille.fi\/wp-content\/uploads\/2024\/10\/HSM27695-scaled-400x400.jpg\" height=\"400\" width=\"400\" alt=\"\" class=\"slider-2714 slide-2722 msDefaultImage\" \/><div class=\"caption-wrap\"><div class=\"caption\"><div>DMEA 2024 - Finland stand<\/div><\/div><\/div><\/li>\n            <\/ul>\n        <\/div>\n        \n    <\/div>\n<\/div><\/div>\n","protected":false},"excerpt":{"rendered":"<p>Udforsk udstillingsstande og eventscener Se vores fotobank med kreative messestrukturer og events! Billederne viser en bred vifte af vores udstillingsstande og skr\u00e6ddersyede implementeringer. Vi organiserer firmastande til b\u00e5de store og&hellip;<a href=\"https:\/\/messuille.fi\/da\/medier\/\" class=\"more-link\"><span class=\"more-button\">Lue lis\u00e4\u00e4<span class=\"screen-reader-text\">Medier<\/span><\/span><\/a><\/p>\n","protected":false},"author":9,"featured_media":0,"parent":0,"menu_order":0,"comment_status":"closed","ping_status":"closed","template":"","meta":{"footnotes":""},"class_list":["post-4673","page","type-page","status-publish","hentry"],"_links":{"self":[{"href":"https:\/\/messuille.fi\/da\/wp-json\/wp\/v2\/pages\/4673","targetHints":{"allow":["GET"]}}],"collection":[{"href":"https:\/\/messuille.fi\/da\/wp-json\/wp\/v2\/pages"}],"about":[{"href":"https:\/\/messuille.fi\/da\/wp-json\/wp\/v2\/types\/page"}],"author":[{"embeddable":true,"href":"https:\/\/messuille.fi\/da\/wp-json\/wp\/v2\/users\/9"}],"replies":[{"embeddable":true,"href":"https:\/\/messuille.fi\/da\/wp-json\/wp\/v2\/comments?post=4673"}],"version-history":[{"count":3,"href":"https:\/\/messuille.fi\/da\/wp-json\/wp\/v2\/pages\/4673\/revisions"}],"predecessor-version":[{"id":4913,"href":"https:\/\/messuille.fi\/da\/wp-json\/wp\/v2\/pages\/4673\/revisions\/4913"}],"wp:attachment":[{"href":"https:\/\/messuille.fi\/da\/wp-json\/wp\/v2\/media?parent=4673"}],"curies":[{"name":"wp","href":"https:\/\/api.w.org\/{rel}","templated":true}]}}